{"id":184,"date":"2022-09-19T18:58:42","date_gmt":"2022-09-19T21:58:42","guid":{"rendered":"https:\/\/notredame.planosdesaudepremium.com.br\/?page_id=184"},"modified":"2023-04-10T11:01:22","modified_gmt":"2023-04-10T14:01:22","slug":"home","status":"publish","type":"page","link":"https:\/\/notredame.planosdesaudepremium.com.br\/","title":{"rendered":"Home"},"content":{"rendered":"<style>\/*! elementor - v3.7.8 - 02-10-2022 *\/\n.elementor-widget-image{text-align:center}.elementor-widget-image a{display:inline-block}.elementor-widget-image a img[src$=\".svg\"]{width:48px}.elementor-widget-image img{vertical-align:middle;display:inline-block}<\/style>\n<p>\t\t\t\t\t\t\t\t\t\t\t\t<img width=\"300\" height=\"88\" src=\"https:\/\/notredame.planosdesaudepremium.com.br\/wp-content\/uploads\/2022\/09\/cropped-Logo_NotreDame-300x88.png\" alt=\"\" loading=\"lazy\" srcset=\"https:\/\/notredame.planosdesaudepremium.com.br\/wp-content\/uploads\/2022\/09\/cropped-Logo_NotreDame-300x88.png 300w, https:\/\/notredame.planosdesaudepremium.com.br\/wp-content\/uploads\/2022\/09\/cropped-Logo_NotreDame-768x224.png 768w, https:\/\/notredame.planosdesaudepremium.com.br\/wp-content\/uploads\/2022\/09\/elementor\/thumbs\/cropped-Logo_NotreDame-pv0dyz1pkgo2e2lowb8lvwscck00avczrh9rjexvre.png 4w, https:\/\/notredame.planosdesaudepremium.com.br\/wp-content\/uploads\/2022\/09\/cropped-Logo_NotreDame.png 804w\" sizes=\"(max-width: 300px) 100vw, 300px\" \/><br \/>\n\t\t\t\t\t\t\t\t\t\t\t\t\t\t\t<img width=\"300\" height=\"104\" src=\"https:\/\/notredame.planosdesaudepremium.com.br\/wp-content\/uploads\/2022\/09\/Logo_Premium-300x104.png\" alt=\"\" loading=\"lazy\" srcset=\"https:\/\/notredame.planosdesaudepremium.com.br\/wp-content\/uploads\/2022\/09\/Logo_Premium-300x104.png 300w, https:\/\/notredame.planosdesaudepremium.com.br\/wp-content\/uploads\/2022\/09\/Logo_Premium.png 557w\" sizes=\"(max-width: 300px) 100vw, 300px\" \/><br \/>\n\t\t\t\t\t\t\t\t\t\t\t\t\t\t\t\t<a href=\"https:\/\/www.gndi.com.br\/atendimento-em-saude\"><br \/>\n\t\t\t\t\t\t\t<img width=\"260\" height=\"105\" src=\"https:\/\/notredame.planosdesaudepremium.com.br\/wp-content\/uploads\/2022\/09\/botao2.png\" alt=\"\" loading=\"lazy\" \/>\t\t\t\t\t\t\t\t<\/a><\/p>\n<style>\/*! elementor - v3.7.8 - 02-10-2022 *\/\n.elementor-heading-title{padding:0;margin:0;line-height:1}.elementor-widget-heading .elementor-heading-title[class*=elementor-size-]>a{color:inherit;font-size:inherit;line-height:inherit}.elementor-widget-heading .elementor-heading-title.elementor-size-small{font-size:15px}.elementor-widget-heading .elementor-heading-title.elementor-size-medium{font-size:19px}.elementor-widget-heading .elementor-heading-title.elementor-size-large{font-size:29px}.elementor-widget-heading .elementor-heading-title.elementor-size-xl{font-size:39px}.elementor-widget-heading .elementor-heading-title.elementor-size-xxl{font-size:59px}<\/style>\n<h3>Planos de Sa\u00fade NotreDame<\/h3>\n<p>Fa\u00e7a AGORA uma plano de sa\u00fade e proteja tudo que mais importa para voc\u00ea e sua empresa.<\/p>\n<p>\t\t\t<a href=\"#empresarial\" role=\"button\"><br \/>\n\t\t\t\t\t\tPLANO EMPRESARIAL<br \/>\n\t\t\t\t\t<\/a><br \/>\n\t\t\t<a href=\"#familiar\" role=\"button\"><br \/>\n\t\t\t\t\t\tPLANO INDIVIDUAL \/ FAMILIAR<br \/>\n\t\t\t\t\t<\/a><br \/>\n\t\t\t<a href=\"#senior\" role=\"button\"><br \/>\n\t\t\t\t\t\tPLANO S\u00caNIOR<br \/>\n\t\t\t\t\t<\/a><\/p>\n<style>\/*! elementor - v3.7.8 - 02-10-2022 *\/\nbody.elementor-page .elementor-widget-menu-anchor{margin-bottom:0}<\/style>\n<h3>Solicite uma Cota\u00e7\u00e3o!  Pelo Whatsapp ou ligue agora mesmo!<\/h3>\n<p>Um plano NotreDame ideal para voc\u00ea, sua fam\u00edlia e sua empresa.<\/p>\n<h2>Nossas Linhas<\/h2>\n<p>\t\t\t\t\t\t\t\t\t\t\t\t\t\t\t<img width=\"234\" height=\"142\" src=\"https:\/\/notredame.planosdesaudepremium.com.br\/wp-content\/uploads\/2022\/09\/0.png\" alt=\"\" loading=\"lazy\" \/>\t\t\t\t\t\t\t\t\t\t\t\t\t\t\t<\/p>\n<style>\/*! elementor - v3.7.8 - 02-10-2022 *\/\n.elementor-accordion{text-align:left}.elementor-accordion .elementor-accordion-item{border:1px solid #d4d4d4}.elementor-accordion .elementor-accordion-item+.elementor-accordion-item{border-top:none}.elementor-accordion .elementor-tab-title{margin:0;padding:15px 20px;font-weight:700;line-height:1;cursor:pointer;outline:none}.elementor-accordion .elementor-tab-title .elementor-accordion-icon{display:inline-block;width:1.5em}.elementor-accordion .elementor-tab-title .elementor-accordion-icon svg{width:1em;height:1em}.elementor-accordion .elementor-tab-title .elementor-accordion-icon.elementor-accordion-icon-right{float:right;text-align:right}.elementor-accordion .elementor-tab-title .elementor-accordion-icon.elementor-accordion-icon-left{float:left;text-align:left}.elementor-accordion .elementor-tab-title .elementor-accordion-icon .elementor-accordion-icon-closed{display:block}.elementor-accordion .elementor-tab-title .elementor-accordion-icon .elementor-accordion-icon-opened,.elementor-accordion .elementor-tab-title.elementor-active .elementor-accordion-icon-closed{display:none}.elementor-accordion .elementor-tab-title.elementor-active .elementor-accordion-icon-opened{display:block}.elementor-accordion .elementor-tab-content{display:none;padding:15px 20px;border-top:1px solid #d4d4d4}@media (max-width:767px){.elementor-accordion .elementor-tab-title{padding:12px 15px}.elementor-accordion .elementor-tab-title .elementor-accordion-icon{width:1.2em}.elementor-accordion .elementor-tab-content{padding:7px 15px}}.e-container>.elementor-widget-accordion{width:var(--container-widget-width,100%)}<\/style>\n<p>\t\t\t\t\t\t\t\t\t\t\t\t<a href=\"\">Linha Smart<\/a><\/p>\n<ul>\n<li><strong>Os melhores planos de sa\u00fade na rela\u00e7\u00e3o custo-benef\u00edcio<br \/><\/strong><br \/>A Linha Smart \u00e9 ideal para quem deseja uma escolha racional do plano de sa\u00fade, com qualidade e rede de atendimento de ampla abrang\u00eancia regional. \u00c9 poss\u00edvel contrat\u00e1-lo com ou sem coparticipa\u00e7\u00e3o, inclusive com op\u00e7\u00e3o de cobertura local.&nbsp;<\/li>\n<li>R$ 86,85 PME de 30 a 99 vidas&nbsp;<\/li>\n<li>R$ 221,58 PF &#8211; familiar<\/li>\n<p>de 00 a 18 anos<\/p>\n<\/ul>\n<p><a href=\"#formulario\"><img loading=\"lazy\" src=\"https:\/\/notredame.planosdesaudepremium.com.br\/wp-content\/uploads\/2022\/09\/whatspp-300x83.png\" alt=\"\" width=\"300\" height=\"83\"><\/a><\/p>\n<p>\t\t\t\t\t\t\t\t\t\t\t\t\t\t\t<img width=\"234\" height=\"142\" src=\"https:\/\/notredame.planosdesaudepremium.com.br\/wp-content\/uploads\/2022\/09\/4444.png\" alt=\"\" loading=\"lazy\" \/><br \/>\n\t\t\t\t\t\t\t\t\t\t\t\t<a href=\"\">Linha Advance<\/a><\/p>\n<p><strong>Os melhores planos de sa\u00fade com a melhor cobertura do Brasil<\/strong><\/p>\n<p>Ideal para quem busca diferenciais de cobertura e abrang\u00eancia, a Linha Advance oferece planos de sa\u00fade com cobertura nacional e acesso a uma ampla Rede Pr\u00f3pria e Credenciada de hospitais e laborat\u00f3rios, bem como profissionais credenciados em todas as especialidades m\u00e9dicas.<\/p>\n<ul>\n<li>R$ 183,78 PME<\/li>\n<\/ul>\n<p>A melhor Cobertura Nacional<\/p>\n<p><a href=\"#formulario\"><img loading=\"lazy\" src=\"https:\/\/notredame.planosdesaudepremium.com.br\/wp-content\/uploads\/2022\/09\/whatspp-300x83.png\" alt=\"\" width=\"300\" height=\"83\"><\/a><\/p>\n<p>\t\t\t\t\t\t\t\t\t\t\t\t\t\t\t<img width=\"234\" height=\"142\" src=\"https:\/\/notredame.planosdesaudepremium.com.br\/wp-content\/uploads\/2022\/09\/2.png\" alt=\"\" loading=\"lazy\" \/><br \/>\n\t\t\t\t\t\t\t\t\t\t\t\t<a href=\"\">Linha Premium<\/a><\/p>\n<p><strong>Mais liberdade de escolha<\/strong><\/p>\n<p>A Linha Premium abrange planos de sa\u00fade com atendimento altamente qualificado e coberturas diversificadas, permitindo maior liberdade de escolha. Oferece Rede Credenciada com profissionais, hospitais e laborat\u00f3rios em todas as regi\u00f5es do Pa\u00eds, al\u00e9m de valores diferenciados de reembolso no Brasil e no exterior. \u00a0<\/p>\n<ul>\n<li>R$ 302,21 PME<\/li>\n<\/ul>\n<p>A melhor Liberdade de Escolha.<\/p>\n<p><a href=\"#formulario\"><img loading=\"lazy\" src=\"https:\/\/notredame.planosdesaudepremium.com.br\/wp-content\/uploads\/2022\/09\/whatspp-300x83.png\" alt=\"\" width=\"300\" height=\"83\" \/><\/a><\/p>\n<h3>Planos empresariais a partir de 2 vidas. Use seu CNPJ \/ MEI<br \/>\n<\/h3>\n<p>A partir de<\/p>\n<h1><strong>R$ 94,38<\/strong><\/h1>\n<p>De 0 a 18 anos<\/p>\n<p>Receba uma proposta completa com todas as informa\u00e7\u00f5es necess\u00e1rias para contrata\u00e7\u00e3o de seu plano.<\/p>\n<p>\t\t\t\t\t\t\t\t\t\t\t\t\t\t\t\t<a href=\"https:\/\/api.whatsapp.com\/send?phone=551136881668&#038;text=Ol%C3%A1%20vim%20atrav%C3%A9s%20da%20LP%20e%20gostaria%20de%20saber%20mais%20sobre%20os%20Planos%20de%20Sa%C3%BAde%20NotreDame%20Interm%C3%A9dica.\" target=\"_blank\" rel=\"noopener\"><br \/>\n\t\t\t\t\t\t\t<img width=\"400\" height=\"111\" src=\"https:\/\/notredame.planosdesaudepremium.com.br\/wp-content\/uploads\/2022\/09\/whatspp.png\" alt=\"\" loading=\"lazy\" srcset=\"https:\/\/notredame.planosdesaudepremium.com.br\/wp-content\/uploads\/2022\/09\/whatspp.png 400w, https:\/\/notredame.planosdesaudepremium.com.br\/wp-content\/uploads\/2022\/09\/whatspp-300x83.png 300w\" sizes=\"(max-width: 400px) 100vw, 400px\" \/>\t\t\t\t\t\t\t\t<\/a><br \/>\n\t\t\t\t\t\t\t\t\t\t\t\t\t\t\t<img width=\"593\" height=\"595\" src=\"https:\/\/notredame.planosdesaudepremium.com.br\/wp-content\/uploads\/2022\/09\/plano-empesarial-duas-vidas.png\" alt=\"\" loading=\"lazy\" srcset=\"https:\/\/notredame.planosdesaudepremium.com.br\/wp-content\/uploads\/2022\/09\/plano-empesarial-duas-vidas.png 593w, https:\/\/notredame.planosdesaudepremium.com.br\/wp-content\/uploads\/2022\/09\/plano-empesarial-duas-vidas-300x300.png 300w, https:\/\/notredame.planosdesaudepremium.com.br\/wp-content\/uploads\/2022\/09\/plano-empesarial-duas-vidas-150x150.png 150w\" sizes=\"(max-width: 593px) 100vw, 593px\" \/>\t\t\t\t\t\t\t\t\t\t\t\t\t\t\t<\/p>\n<p>NotreLife 50+<\/p>\n<h3>O Plano para o P\u00fablico S\u00eanior<\/h3>\n<p>A partir de<\/p>\n<h1><strong>R$ 1.058,79<\/strong><\/h1>\n<p>De 49 a 53 anos<\/p>\n<p>Receba uma proposta completa com todas as informa\u00e7\u00f5es necess\u00e1rias para contrata\u00e7\u00e3o de seu plano.<\/p>\n<p>\t\t\t\t\t\t\t\t\t\t\t\t\t\t\t\t<a href=\"https:\/\/api.whatsapp.com\/send?phone=551136881668&#038;text=Ol%C3%A1%20vim%20atrav%C3%A9s%20da%20LP%20e%20gostaria%20de%20saber%20mais%20sobre%20os%20Planos%20de%20Sa%C3%BAde%20NotreDame%20Interm%C3%A9dica.\" target=\"_blank\" rel=\"noopener\"><br \/>\n\t\t\t\t\t\t\t<img width=\"400\" height=\"111\" src=\"https:\/\/notredame.planosdesaudepremium.com.br\/wp-content\/uploads\/2022\/09\/whatspp.png\" alt=\"\" loading=\"lazy\" srcset=\"https:\/\/notredame.planosdesaudepremium.com.br\/wp-content\/uploads\/2022\/09\/whatspp.png 400w, https:\/\/notredame.planosdesaudepremium.com.br\/wp-content\/uploads\/2022\/09\/whatspp-300x83.png 300w\" sizes=\"(max-width: 400px) 100vw, 400px\" \/>\t\t\t\t\t\t\t\t<\/a><br \/>\n\t\t\t\t\t\t\t\t\t\t\t\t\t\t\t<img width=\"593\" height=\"595\" src=\"https:\/\/notredame.planosdesaudepremium.com.br\/wp-content\/uploads\/2022\/09\/Cruz-Plano-de-Saude-Idoso.png\" alt=\"\" loading=\"lazy\" srcset=\"https:\/\/notredame.planosdesaudepremium.com.br\/wp-content\/uploads\/2022\/09\/Cruz-Plano-de-Saude-Idoso.png 593w, https:\/\/notredame.planosdesaudepremium.com.br\/wp-content\/uploads\/2022\/09\/Cruz-Plano-de-Saude-Idoso-300x300.png 300w, https:\/\/notredame.planosdesaudepremium.com.br\/wp-content\/uploads\/2022\/09\/Cruz-Plano-de-Saude-Idoso-150x150.png 150w\" sizes=\"(max-width: 593px) 100vw, 593px\" \/>\t\t\t\t\t\t\t\t\t\t\t\t\t\t\t<\/p>\n<p>NotreLife<\/p>\n<h3>Planos de Sa\u00fade Individuais e Familiares<\/h3>\n<p>A partir de<\/p>\n<h1><strong>R$ 238,63<\/strong><\/h1>\n<p>De 0 a 18 anos<\/p>\n<p>Receba uma proposta completa com todas as informa\u00e7\u00f5es necess\u00e1rias para contrata\u00e7\u00e3o de seu plano.<\/p>\n<p>\t\t\t\t\t\t\t\t\t\t\t\t\t\t\t\t<a href=\"https:\/\/api.whatsapp.com\/send?phone=551136881668&#038;text=Ol%C3%A1%20vim%20atrav%C3%A9s%20da%20LP%20e%20gostaria%20de%20saber%20mais%20sobre%20os%20Planos%20de%20Sa%C3%BAde%20NotreDame%20Interm%C3%A9dica.\" target=\"_blank\" rel=\"noopener\"><br \/>\n\t\t\t\t\t\t\t<img width=\"400\" height=\"111\" src=\"https:\/\/notredame.planosdesaudepremium.com.br\/wp-content\/uploads\/2022\/09\/whatspp.png\" alt=\"\" loading=\"lazy\" srcset=\"https:\/\/notredame.planosdesaudepremium.com.br\/wp-content\/uploads\/2022\/09\/whatspp.png 400w, https:\/\/notredame.planosdesaudepremium.com.br\/wp-content\/uploads\/2022\/09\/whatspp-300x83.png 300w\" sizes=\"(max-width: 400px) 100vw, 400px\" \/>\t\t\t\t\t\t\t\t<\/a><br \/>\n\t\t\t\t\t\t\t\t\t\t\t\t\t\t\t<img width=\"593\" height=\"595\" src=\"https:\/\/notredame.planosdesaudepremium.com.br\/wp-content\/uploads\/2022\/09\/plano-de-saude-familiar_notredame.png\" alt=\"\" loading=\"lazy\" srcset=\"https:\/\/notredame.planosdesaudepremium.com.br\/wp-content\/uploads\/2022\/09\/plano-de-saude-familiar_notredame.png 593w, https:\/\/notredame.planosdesaudepremium.com.br\/wp-content\/uploads\/2022\/09\/plano-de-saude-familiar_notredame-300x300.png 300w, https:\/\/notredame.planosdesaudepremium.com.br\/wp-content\/uploads\/2022\/09\/plano-de-saude-familiar_notredame-150x150.png 150w\" sizes=\"(max-width: 593px) 100vw, 593px\" \/><br \/>\n\t\t\t\t\t\t\t\t\t\t\t\t\t\t\t<img width=\"300\" height=\"104\" src=\"https:\/\/notredame.planosdesaudepremium.com.br\/wp-content\/uploads\/2022\/09\/Logo_Premium-300x104.png\" alt=\"\" loading=\"lazy\" srcset=\"https:\/\/notredame.planosdesaudepremium.com.br\/wp-content\/uploads\/2022\/09\/Logo_Premium-300x104.png 300w, https:\/\/notredame.planosdesaudepremium.com.br\/wp-content\/uploads\/2022\/09\/Logo_Premium.png 557w\" sizes=\"(max-width: 300px) 100vw, 300px\" \/><br \/>\n\t\t\t\t\t\t\t\t\t\t\t\t\t\t\t<img width=\"98\" height=\"17\" src=\"https:\/\/notredame.planosdesaudepremium.com.br\/wp-content\/uploads\/2022\/09\/nnn.png\" alt=\"\" loading=\"lazy\" \/><br \/>\n\t\t\t<a href='https:\/\/www.privacidade.com.br\/portal-de-privacidade\/?token=5866d5795b8197454bfcb20c70e0beec&#038;site_url=www.planosdesaudepremium.com.br'><img src='https:\/\/api.dponet.com.br\/selo_portal_de_privacidade.png'\/><\/a><br \/>\n\t\t\tCopyright \u00a9 2022 Planos de Sa\u00fade Premium, Todos os Direitos Reservados.<br \/>\n\t\t\t\t\t\t\t\t\t\t\t\t\t\t\t\t<a href=\"https:\/\/api.whatsapp.com\/send?phone=551136881668&#038;text=Ol%C3%A1%20vim%20atrav%C3%A9s%20da%20LP%20e%20gostaria%20de%20saber%20mais%20sobre%20os%20Planos%20de%20Sa%C3%BAde%20NotreDame%20Interm%C3%A9dica.\" target=\"_blank\" rel=\"noopener\"><br \/>\n\t\t\t\t\t\t\t<img width=\"400\" height=\"111\" src=\"https:\/\/notredame.planosdesaudepremium.com.br\/wp-content\/uploads\/2022\/09\/whatspp.png\" alt=\"\" loading=\"lazy\" srcset=\"https:\/\/notredame.planosdesaudepremium.com.br\/wp-content\/uploads\/2022\/09\/whatspp.png 400w, https:\/\/notredame.planosdesaudepremium.com.br\/wp-content\/uploads\/2022\/09\/whatspp-300x83.png 300w\" sizes=\"(max-width: 400px) 100vw, 400px\" \/>\t\t\t\t\t\t\t\t<\/a><br \/>\n\t\t\t\t\t\t\t\t\t\t\t\t\t\t\t\t<a href=\"tel:1136881668\" target=\"_blank\" rel=\"noopener\"><br \/>\n\t\t\t\t\t\t\t<img width=\"400\" height=\"120\" src=\"https:\/\/notredame.planosdesaudepremium.com.br\/wp-content\/uploads\/2022\/09\/phone-1.png\" alt=\"\" loading=\"lazy\" srcset=\"https:\/\/notredame.planosdesaudepremium.com.br\/wp-content\/uploads\/2022\/09\/phone-1.png 400w, https:\/\/notredame.planosdesaudepremium.com.br\/wp-content\/uploads\/2022\/09\/phone-1-300x90.png 300w\" sizes=\"(max-width: 400px) 100vw, 400px\" \/>\t\t\t\t\t\t\t\t<\/a><\/p>\n","protected":false},"excerpt":{"rendered":"<p>Planos de Sa\u00fade NotreDame Fa\u00e7a AGORA uma plano de sa\u00fade e proteja tudo que mais importa para voc\u00ea e sua empresa. PLANO EMPRESARIAL PLANO INDIVIDUAL \/ FAMILIAR PLANO S\u00caNIOR Solicite uma Cota\u00e7\u00e3o! Pelo Whatsapp ou ligue agora mesmo! Um plano NotreDame ideal para voc\u00ea, sua fam\u00edlia e sua empresa. Nossas Linhas Linha Smart Os melhores &hellip; <\/p>\n<p class=\"link-more\"><a href=\"https:\/\/notredame.planosdesaudepremium.com.br\/\" class=\"more-link\">Continuar a ler <span class=\"screen-reader-text\">&#8220;Home&#8221;<\/span><\/a><\/p>\n","protected":false},"author":1,"featured_media":0,"parent":0,"menu_order":0,"comment_status":"closed","ping_status":"closed","template":"elementor_canvas","meta":[],"_links":{"self":[{"href":"https:\/\/notredame.planosdesaudepremium.com.br\/index.php\/wp-json\/wp\/v2\/pages\/184"}],"collection":[{"href":"https:\/\/notredame.planosdesaudepremium.com.br\/index.php\/wp-json\/wp\/v2\/pages"}],"about":[{"href":"https:\/\/notredame.planosdesaudepremium.com.br\/index.php\/wp-json\/wp\/v2\/types\/page"}],"author":[{"embeddable":true,"href":"https:\/\/notredame.planosdesaudepremium.com.br\/index.php\/wp-json\/wp\/v2\/users\/1"}],"replies":[{"embeddable":true,"href":"https:\/\/notredame.planosdesaudepremium.com.br\/index.php\/wp-json\/wp\/v2\/comments?post=184"}],"version-history":[{"count":556,"href":"https:\/\/notredame.planosdesaudepremium.com.br\/index.php\/wp-json\/wp\/v2\/pages\/184\/revisions"}],"predecessor-version":[{"id":831,"href":"https:\/\/notredame.planosdesaudepremium.com.br\/index.php\/wp-json\/wp\/v2\/pages\/184\/revisions\/831"}],"wp:attachment":[{"href":"https:\/\/notredame.planosdesaudepremium.com.br\/index.php\/wp-json\/wp\/v2\/media?parent=184"}],"curies":[{"name":"wp","href":"https:\/\/api.w.org\/{rel}","templated":true}]}}